{"id":15,"date":"2023-02-01T16:20:37","date_gmt":"2023-02-01T16:20:37","guid":{"rendered":"https:\/\/drogulmus.com\/?page_id=15"},"modified":"2023-11-16T05:24:07","modified_gmt":"2023-11-16T05:24:07","slug":"aboutme","status":"publish","type":"page","link":"https:\/\/ahmetsayginogulmus.com\/index.php\/aboutme\/","title":{"rendered":"About Me"},"content":{"rendered":"\n<figure class=\"wp-block-image size-full\"><img loading=\"lazy\" decoding=\"async\" width=\"1024\" height=\"768\" src=\"https:\/\/ahmetsayginogulmus.com\/wp-content\/uploads\/2023\/11\/WhatsApp-Image-2023-11-16-at-08.03.52.jpeg\" alt=\"\" class=\"wp-image-154\" srcset=\"https:\/\/ahmetsayginogulmus.com\/wp-content\/uploads\/2023\/11\/WhatsApp-Image-2023-11-16-at-08.03.52.jpeg 1024w, https:\/\/ahmetsayginogulmus.com\/wp-content\/uploads\/2023\/11\/WhatsApp-Image-2023-11-16-at-08.03.52-300x225.jpeg 300w, https:\/\/ahmetsayginogulmus.com\/wp-content\/uploads\/2023\/11\/WhatsApp-Image-2023-11-16-at-08.03.52-768x576.jpeg 768w\" sizes=\"auto, (max-width: 1024px) 100vw, 1024px\" \/><\/figure>\n\n\n\n<p align=\"justify\">I was born in K\u0131r\u0131kkale. After completing my primary school, secondary (K\u0131r\u0131kkale Anatolian High School) and high school (K\u0131r\u0131kkale Science High School) education here, I graduated with bachelor degree from Mechanical Engineering Department of Gazi University Engineering Faculty I started my career as an Reseacher  in the energy sector  in Ankara. After working in the Truck Mounted Machinery and Equipments for a while, I successfully completed 21 R&amp;D and innovation projects between 2012-2015, including process management, within the scope of TGSD projects initiated by the Ministry of Technology and Industry. During this time, I completed my master&#8217;s degree at Necmettin Erbakan University. I started to work as a mechanical system design engineer at Ak\u0131nsoft Ak\u0131n Robotics humanoid robot factory. I completed my PhD at Necmettin Erbakan University. I worked at KTO Karatay and Ankara Science Universities as Lecturer. I am currently working as a faculty member at OSTIM Technical University. I am married and have 2 children.<\/p>\n","protected":false},"excerpt":{"rendered":"<p>I was born in K\u0131r\u0131kkale. After completing my primary school, secondary (K\u0131r\u0131kkale Anatolian High School) and high school (K\u0131r\u0131kkale Science High School) education here, I graduated with bachelor degree from Mechanical Engineering Department of Gazi University Engineering Faculty I started my career as an Reseacher in the energy sector in Ankara. After working in the [&hellip;]<\/p>\n","protected":false},"author":1,"featured_media":0,"parent":0,"menu_order":0,"comment_status":"closed","ping_status":"closed","template":"","meta":{"footnotes":""},"class_list":["post-15","page","type-page","status-publish","hentry"],"_links":{"self":[{"href":"https:\/\/ahmetsayginogulmus.com\/index.php\/wp-json\/wp\/v2\/pages\/15","targetHints":{"allow":["GET"]}}],"collection":[{"href":"https:\/\/ahmetsayginogulmus.com\/index.php\/wp-json\/wp\/v2\/pages"}],"about":[{"href":"https:\/\/ahmetsayginogulmus.com\/index.php\/wp-json\/wp\/v2\/types\/page"}],"author":[{"embeddable":true,"href":"https:\/\/ahmetsayginogulmus.com\/index.php\/wp-json\/wp\/v2\/users\/1"}],"replies":[{"embeddable":true,"href":"https:\/\/ahmetsayginogulmus.com\/index.php\/wp-json\/wp\/v2\/comments?post=15"}],"version-history":[{"count":12,"href":"https:\/\/ahmetsayginogulmus.com\/index.php\/wp-json\/wp\/v2\/pages\/15\/revisions"}],"predecessor-version":[{"id":155,"href":"https:\/\/ahmetsayginogulmus.com\/index.php\/wp-json\/wp\/v2\/pages\/15\/revisions\/155"}],"wp:attachment":[{"href":"https:\/\/ahmetsayginogulmus.com\/index.php\/wp-json\/wp\/v2\/media?parent=15"}],"curies":[{"name":"wp","href":"https:\/\/api.w.org\/{rel}","templated":true}]}}