{"id":17,"date":"2023-02-01T16:20:50","date_gmt":"2023-02-01T16:20:50","guid":{"rendered":"https:\/\/drogulmus.com\/?page_id=17"},"modified":"2024-08-17T09:42:35","modified_gmt":"2024-08-17T09:42:35","slug":"patents","status":"publish","type":"page","link":"https:\/\/ahmetsayginogulmus.com\/index.php\/patents\/","title":{"rendered":"Patents"},"content":{"rendered":"\n<p><strong>National<\/strong><\/p>\n\n\n\n<p>Yedi Serbetslik Dereceli iki K\u00fcresel Bir Do\u011frusal Eyleyicili Motor Sistemi.<\/p>\n\n\n\n<p>                                                                           No:  <strong>TR 2022 014644 B<\/strong><\/p>\n\n\n\n<p><strong>International<\/strong><\/p>\n\n\n\n<p>Yedi Serbetslik Dereceli iki K\u00fcresel Bir Do\u011frusal Eyleyicili Motor Sistemi.<\/p>\n\n\n\n<p>                                                                         No:<strong> PCT\/TR2022\/051\/082<\/strong><\/p>\n","protected":false},"excerpt":{"rendered":"<p>National Yedi Serbetslik Dereceli iki K\u00fcresel Bir Do\u011frusal Eyleyicili Motor Sistemi. No: TR 2022 014644 B International Yedi Serbetslik Dereceli iki K\u00fcresel Bir Do\u011frusal Eyleyicili Motor Sistemi. No: PCT\/TR2022\/051\/082<\/p>\n","protected":false},"author":1,"featured_media":0,"parent":0,"menu_order":0,"comment_status":"closed","ping_status":"closed","template":"","meta":{"footnotes":""},"class_list":["post-17","page","type-page","status-publish","hentry"],"_links":{"self":[{"href":"https:\/\/ahmetsayginogulmus.com\/index.php\/wp-json\/wp\/v2\/pages\/17","targetHints":{"allow":["GET"]}}],"collection":[{"href":"https:\/\/ahmetsayginogulmus.com\/index.php\/wp-json\/wp\/v2\/pages"}],"about":[{"href":"https:\/\/ahmetsayginogulmus.com\/index.php\/wp-json\/wp\/v2\/types\/page"}],"author":[{"embeddable":true,"href":"https:\/\/ahmetsayginogulmus.com\/index.php\/wp-json\/wp\/v2\/users\/1"}],"replies":[{"embeddable":true,"href":"https:\/\/ahmetsayginogulmus.com\/index.php\/wp-json\/wp\/v2\/comments?post=17"}],"version-history":[{"count":4,"href":"https:\/\/ahmetsayginogulmus.com\/index.php\/wp-json\/wp\/v2\/pages\/17\/revisions"}],"predecessor-version":[{"id":161,"href":"https:\/\/ahmetsayginogulmus.com\/index.php\/wp-json\/wp\/v2\/pages\/17\/revisions\/161"}],"wp:attachment":[{"href":"https:\/\/ahmetsayginogulmus.com\/index.php\/wp-json\/wp\/v2\/media?parent=17"}],"curies":[{"name":"wp","href":"https:\/\/api.w.org\/{rel}","templated":true}]}}